{"id":111,"date":"2018-03-15T03:54:48","date_gmt":"2018-03-15T03:54:48","guid":{"rendered":"http:\/\/sindicatodesalud.org.mx\/?page_id=111"},"modified":"2019-05-27T17:44:01","modified_gmt":"2019-05-27T17:44:01","slug":"aviso-de-privacidad","status":"publish","type":"page","link":"https:\/\/sindicatodesalud.org.mx\/?page_id=111","title":{"rendered":"Aviso de Privacidad"},"content":{"rendered":"\t\t<div data-elementor-type=\"wp-post\" data-elementor-id=\"111\" class=\"elementor elementor-111 elementor-bc-flex-widget\" data-elementor-settings=\"[]\">\n\t\t\t\t\t\t<div class=\"elementor-inner\">\n\t\t\t\t\t\t\t<div class=\"elementor-section-wrap\">\n\t\t\t\t\t\t\t<section class=\"elementor-section elementor-top-section elementor-element elementor-element-58a7c42c elementor-section-boxed elementor-section-height-default elementor-section-height-default\" data-id=\"58a7c42c\" data-element_type=\"section\">\n\t\t\t\t\t\t<div class=\"elementor-container elementor-column-gap-default\">\n\t\t\t\t\t\t\t<div class=\"elementor-row\">\n\t\t\t\t\t<div class=\"elementor-column elementor-col-100 elementor-top-column elementor-element elementor-element-6f4d46a8\" data-id=\"6f4d46a8\" data-element_type=\"column\">\n\t\t\t<div class=\"elementor-column-wrap elementor-element-populated\">\n\t\t\t\t\t\t\t<div class=\"elementor-widget-wrap\">\n\t\t\t\t\t\t<div class=\"elementor-element elementor-element-66477900 elementor-widget elementor-widget-text-editor\" data-id=\"66477900\" data-element_type=\"widget\" data-widget_type=\"text-editor.default\">\n\t\t\t\t<div class=\"elementor-widget-container\">\n\t\t\t\t\t\t\t\t<div class=\"elementor-text-editor elementor-clearfix\">\n\t\t\t\t\t<p>El Sindicato Nacional de Trabajadores de la Secretar\u00eda de Salud \u00a0(SNTSA), con domicilio ubicado en la avenida Oaxaca n\u00famero 58, colonia Roma, delegaci\u00f3n Cuauht\u00e9moc, C.P. 06700 en la Ciudad de M\u00e9xico, y con el portal de Internet <a href=\"http:\/\/sindicatodesalud.org.mx\" target=\"_blank\" rel=\"noopener\">www.sindicatodesalud.org.mx<\/a> es el responsable del uso, tratamiento y protecci\u00f3n de sus datos personales, dando cumplimiento a las disposiciones de la Ley Federal de Protecci\u00f3n de Datos Personales en Posesi\u00f3n de Particulares.<\/p><p><strong>\u00bfFINALIDAD DE SUS DATOS PERSONALES?<\/strong><\/p><p>Los datos personales que recabamos de usted, los utilizaremos para las siguientes finalidades que son indispensables para la gesti\u00f3n que solicita:<\/p><ul><li>Para el ejercicio de los beneficios contenidos en las Condiciones Generales de Trabajo de la Secretar\u00eda de Salud, as\u00ed como del Estatuto General del SNTSA;<\/li><li>Para las asesor\u00eda, orientaci\u00f3n y comparecencia que se deber\u00e1n observar en las disposiciones y ordenamientos de car\u00e1cter laboral y administrativo respectivamente;<\/li><li>Para gestionar prestaciones que se tienen derecho ante las autoridades del SSA, as\u00ed como del propio ISSSTE;<\/li><li>Mantener actualizado el padr\u00f3n de los afiliados al Sindicato en el CEN, Secci\u00f3n, Subsecci\u00f3n y Delegaci\u00f3n;<\/li><li>Para llevar a cabo el tr\u00e1mite correspondiente a las aportaciones de Fondo de Ayuda por Defunci\u00f3n en los casos establecidos en el propio Reglamento;<\/li><li>Para tramitar los beneficiarios correspondientes al Fondo de Auxilio por Defunci\u00f3n (FAD);<\/li><li>Para la afiliaci\u00f3n a la Organizaci\u00f3n Sindical, as\u00ed como de las aportaciones de las cuotas sindicales;<\/li><li>Para la defensa legal ante las instancias administrativas, y\/o jurisdiccionales;<\/li><li>Para la elaboraci\u00f3n de los informes de trabajo inherentes a la organizaci\u00f3n sindical;<\/li><li>Para el registro de actividades deportivas, culturales y recreativas que realiza el SNTSA;<\/li><li>Para tramitar el registro de contrataci\u00f3n del Seguro de Responsabilidad Profesional para M\u00e9dicos y Enfermeras;<\/li><li>Para llevar a cabo el tr\u00e1mite referente a los concursos escalafonarios, del personal de las Rama M\u00e9dica, Param\u00e9dica y Af\u00edn y Af\u00edn Administrativa;<\/li><li>Para llevar a cabo el tr\u00e1mite correspondiente a la autorizaci\u00f3n por licencia por comisi\u00f3n sindical ante las respectivas \u00e1reas de recursos humanos de la Secretar\u00eda de Salud, o en su caso el Organismo P\u00fablico Descentralizado de la entidad federativa de que se trate;<\/li><li>Para el proceso de las Convocatorias previstas en las Condiciones Generales de Trabajo, el Estatuto General del SNTSA y dem\u00e1s disposiciones legales aplicables (Convivencia Infantil de Verano para los hijos de los trabajadores, Becas para los trabajadores y sus hijos, Actividades sociales, culturales y deportivas);<\/li><li>Para llevar a cabo el reconocimiento de antig\u00fcedad, para el cumplimiento de las Condiciones Generales de Trabajo, el Reglamento Interior de la Secretar\u00eda de Salud, o en su caso de los Organismos P\u00fablicos Descentralizados de las entidades federativas;<\/li><li>Para llevar a cabo el padr\u00f3n de afiliados, referente a la renovaci\u00f3n del CEN, Comit\u00e9s Ejecutivos Seccionales, Subsecci\u00f3n y Delegaci\u00f3n, de conformidad con el Estatuto General del SNTSA y el Reglamento de Procedimientos electorales;<\/li><li>Para llevar a cabo cursos de capacitaci\u00f3n impartidos en por el CEN, CES, Subsecci\u00f3n o Delegaci\u00f3n.<\/li><\/ul><p><strong>\u00bfLOS DATOS PERSONALES QUE UTILIZAREMOS SON?<\/strong><\/p><p>Para llevar a cabo los prop\u00f3sitos descritos en el presente aviso de privacidad, se requerir\u00e1n los siguientes datos personales:<\/p><p><strong><u>Datos de identificaci\u00f3n del afiliado al SNTSA. <\/u><\/strong><\/p><ul><li>Nombre (s) y apellidos,<\/li><li>Fotograf\u00eda,<\/li><li>Firma,<\/li><li>Lugar y fecha de nacimiento,<\/li><li>Estado civil,<\/li><li>Domicilio,<\/li><li>Tel\u00e9fono (particular, celular y\/o institucional),<\/li><li>Correo electr\u00f3nico,<\/li><li>RFC, Clave del Registro Federal del Contribuyente,<\/li><li>CURP, Clave \u00danica del Registro de Poblaci\u00f3n,<\/li><li>N\u00famero de Afiliaci\u00f3n en esta asociaci\u00f3n,<\/li><li>En algunos casos datos de familiares beneficiarios y\/o derechohabientes, respecto al tr\u00e1mite del Fondo de Auxilio por Defunci\u00f3n, Becas y Convivencias Infantil de Verano,<\/li><li>Firma aut\u00f3grafa, de pu\u00f1o y letra.<\/li><\/ul><p><strong><u>Datos laborales. <\/u><\/strong><\/p><ul><li>Nombramiento en la Secretar\u00eda de Salud, o en su caso en los OPD en las entidades federativas, e Institutos Nacionales de Salud.<\/li><li>N\u00famero de empleado<\/li><li>Numero de Seguridad Social<\/li><li>Clave presupuestal<\/li><li>Descripci\u00f3n del puesto<\/li><li>Centro de responsabilidad<\/li><li>Descripci\u00f3n del centro de responsabilidad<\/li><li>N\u00famero de unidad<\/li><li>Descripci\u00f3n de la unidad<\/li><\/ul><p><strong><u>Datos acad\u00e9micos. <\/u><\/strong><\/p><ul><li>Nivel de escolaridad.<\/li><\/ul><p>Lo anterior es informaci\u00f3n que en t\u00e9rminos de la Ley, son datos personales clasificados como confidenciales en su afiliaci\u00f3n sindical.<\/p><p><strong>\u00a0<\/strong><\/p><p><strong>DATOS PERSONALES SENSIBLES<\/strong><\/p><p>Se pueden solicitar datos personales sensibles, en cuyo caso se requerir\u00e1 que el TITULAR otorgue su consentimiento expreso para el tratamiento de tales datos personales (datos personales de beneficiarios, menores de edad\u00a0 o estado de incapacidad, salud, mismos que firman el consentimiento en el que se reconoce y acepta que dichos individuos est\u00e1n enterados del tratamiento que se llevar\u00e1 a cabo con sus datos personales).<\/p><p>Lo que, constituye la aceptaci\u00f3n expresa del TITULAR respecto del tratamiento de sus datos personales sensibles, de conformidad con el art\u00edculo 8, p\u00e1rrafos segundo y cuarto; art\u00edculo 9, 12 y 13 respectivamente de la Ley Federal de Protecci\u00f3n de Datos Personales en Posesi\u00f3n de los Particulares.<\/p><p>Los datos proporcionados por Usted, corresponden al CEN, CES, Subsecci\u00f3n y\/o Delegaci\u00f3n su captura, tr\u00e1mite y transferencia al \u00e1rea de Recursos Humanos de la Secretar\u00eda de Salud y\/o de los Organismos P\u00fablicos Descentralizados de las entidades federativas, como parte del procedimiento de inscripci\u00f3n y\/o actualizaci\u00f3n del registro del Padr\u00f3n de afiliados por cada una de las \u00c1reas del SNTSA.<\/p><p>\u00bfCOMPARTIMOS SU INFORMACI\u00d3N PERSONAL Y PARA QU\u00c9 FINES?<\/p><p><strong>TRANSFERENCIA DE DATOS PERSONALES.<\/strong><\/p><p>Conforme a las actividades inherentes a la organizaci\u00f3n sindical y con el objeto de cumplir con las finalidades mencionadas, se podr\u00e1n transferir, algunos de sus datos personales a terceros tales como:<\/p><ul><li>Secretar\u00eda de Salud, a los Organismos P\u00fablicos Descentralizados de las entidades federativas;<\/li><li>Prestamos del ISSSTE Gesti\u00f3n de prestaciones contenidas en las Condiciones Generales de Trabajo de la Secretar\u00eda de Salud;<\/li><li>Autoridades laborales, administrativas o judiciales competentes;<\/li><li>Instituto Nacional de Transparencia, Acceso a la Informaci\u00f3n P\u00fablica y Protecci\u00f3n de Datos Personales;<\/li><li>Seguros Afirme,\u00a0S.A. DE C.V;<\/li><li>Instituciones acad\u00e9micas, con las que se tiene celebrado un Convenio.<\/li><\/ul><p>Quienes se encontrar\u00e1n obligados a darle a conocer su propio Aviso de Privacidad; lo anterior a fin de evitar da\u00f1o, p\u00e9rdida, destrucci\u00f3n, alteraci\u00f3n o un tratamiento no autorizado de sus datos personales.<\/p><p>Con relaci\u00f3n a las transferencias que requieren de su consentimiento, si usted a continuaci\u00f3n <u>no manifiesta su negativa<\/u>, el SNTSA entender\u00e1 que nos lo ha otorgado.<\/p><p><strong>MEDIDAS DE SEGURIDAD <\/strong><\/p><p>Con el fin de evitar el uso o divulgaci\u00f3n no autorizada de sus datos personales, se han adoptado las medidas f\u00edsicas, administrativas y t\u00e9cnicas necesarias para garantizar el adecuado tratamiento de sus datos personales; \u00fanicamente el personal autorizado podr\u00e1 participar en el tratamiento que se haga de sus datos personales, quienes tendr\u00e1n estrictamente prohibido utilizar sus datos para fines distintos a los descritos y estar\u00e1n obligados a guardar el deber de confidencialidad necesario, inclusive despu\u00e9s de terminada la relaci\u00f3n con el SNTSA.<\/p><p><strong>\u00bfC\u00d3MO PUEDE ACCEDER, RECTIFICAR O CANCELAR SUS DATOS PERSONALES, U OPONERSE A SU USO?<\/strong><\/p><p>Como TITULAR, tiene derecho a conocer qu\u00e9 datos personales tenemos de usted, para qu\u00e9 los utilizamos y las condiciones del uso que les damos (Acceso). Igualmente, es su derecho solicitar la correcci\u00f3n de su informaci\u00f3n personal en caso de que est\u00e9 desactualizada, sea inexacta o incompleta (Rectificaci\u00f3n); que la eliminemos de nuestros registros o bases de datos cuando considere que la misma no est\u00e1 siendo utilizada adecuadamente (Cancelaci\u00f3n); as\u00ed como oponerse al uso de sus datos personales para fines espec\u00edficos (Oposici\u00f3n). Estos derechos se conocen como derechos ARCO.<\/p><p>Para el ejercicio de cualquiera de los derechos ARCO, usted deber\u00e1 presentar la solicitud a trav\u00e9s del siguiente medio, en la oficina de la Unidad de Transparencia:<\/p><ol><li>a) Tel\u00e9fono de contacto: 5080-8000<\/li><li>b) Correo electr\u00f3nico: <a href=\"mailto:sntsa@sindicatodesalud.org.mx\">sntsa@sindicatodesalud.org.mx<\/a><\/li><\/ol><p>Usted puede revocar su consentimiento para el uso de sus datos personales.<\/p><p>Como TITULAR, Usted puede revocar el consentimiento que, en su caso, nos haya otorgado para el tratamiento de sus datos personales. Sin embargo, es importante que tenga en cuenta que no en todos los casos podremos atender su solicitud o concluir el uso de forma inmediata, ya que es posible que por alguna obligaci\u00f3n legal requiramos seguir tratando sus datos personales.<\/p><p>Asimismo, usted deber\u00e1 considerar que para ciertos fines, la revocaci\u00f3n de su consentimiento implicar\u00e1 que no le podamos seguir prestando el servicio que nos solicit\u00f3, o la conclusi\u00f3n de su relaci\u00f3n con el SNTSA.<\/p><p>Para revocar su consentimiento deber\u00e1 presentar su solicitud a trav\u00e9s del siguiente medio:<\/p><ol><li>a) Correo electr\u00f3nico: <a href=\"mailto:transparencia.sntsa@sindicatodesalud.org.mx\">transparencia.sntsa@sindicatodesalud.org.mx<\/a><\/li><li>b) De manera escrita su solicitud ante la Unidad de Transparencia, de lo contrario quedar\u00e1 sin efectos la solicitud.<\/li><\/ol><p><strong>\u00bfLIMITAR EL USO O DIVULGACI\u00d3N DE SU INFORMACI\u00d3N PERSONAL?<\/strong><\/p><p>Con objeto de que usted pueda limitar el uso y divulgaci\u00f3n de su informaci\u00f3n personal, le ofrecemos los siguientes medios:<\/p><ol><li>a) Correo electr\u00f3nico: <a href=\"mailto:sntsa@sindicatodesalud.org.mx\">sntsa@sindicatodesalud.org.mx<\/a><\/li><li>b) De manera escrita presentar su solicitud ante la responsable de la Unidad de Transparencia.<\/li><\/ol><p><strong>\u00bfCONOCER LOS CAMBIOS EN ESTE AVISO DE PRIVACIDAD?<\/strong><\/p><p>El presente Aviso de Privacidad puede sufrir modificaciones, cambios o actualizaciones derivadas de requerimientos legales; de nuestras propias necesidades o por otras causas.<\/p><p>En caso de que exista alguna actualizaci\u00f3n de este aviso de privacidad, lo haremos de su conocimiento en esta misma oficina o para m\u00e1s informaci\u00f3n, puede consultar el aviso de privacidad, a trav\u00e9s de nuestro portal de internet del sindicato: <a href=\"http:\/\/sindicatodesalud.org.mx\" target=\"_blank\" rel=\"noopener\">www.sindicatodesalud.org.mx<\/a>.<\/p><p>Para obtener mayor informaci\u00f3n acerca de la Ley de Transparencia, favor de marcar a Telinai 01800-8354324, \u00f3 al correo electr\u00f3nico; <a href=\"http:\/\/atenci\u00f3n@inai.org.mx\">atenci\u00f3n@inai.org.mx<\/a> y la p\u00e1gina <a href=\"http:\/\/www.inai.org.mx\" target=\"_blank\" rel=\"noopener\">www.inai.org.mx<\/a><\/p><p style=\"text-align: center;\"><strong>ATENTAMENTE<\/strong><\/p><p style=\"text-align: center;\"><strong>\u00a0<\/strong><\/p><p style=\"text-align: center;\"><strong>\u00a0<\/strong><\/p><p style=\"text-align: center;\"><strong>\u201cPOR UN ESTADO AL SERVICIO DEL PUEBLO\u201d<\/strong><\/p><p style=\"text-align: center;\"><strong>SINDICATO NACIONAL DE TRABAJADORES DE LA SECRETAR\u00cdA DE SALUD.<\/strong><\/p>\t\t\t\t\t<\/div>\n\t\t\t\t\t\t<\/div>\n\t\t\t\t<\/div>\n\t\t\t\t\t\t<\/div>\n\t\t\t\t\t<\/div>\n\t\t<\/div>\n\t\t\t\t\t\t\t\t<\/div>\n\t\t\t\t\t<\/div>\n\t\t<\/section>\n\t\t\t\t\t\t<\/div>\n\t\t\t\t\t\t<\/div>\n\t\t\t\t\t<\/div>\n\t\t","protected":false},"excerpt":{"rendered":"<p>El Sindicato Nacional de Trabajadores de la Secretar\u00eda de Salud \u00a0(SNTSA), con domicilio ubicado en la avenida Oaxaca n\u00famero 58, colonia Roma, delegaci\u00f3n Cuauht\u00e9moc, C.P. 06700 en la Ciudad de M\u00e9xico, y con el portal de Internet www.sindicatodesalud.org.mx es el responsable del uso, tratamiento y protecci\u00f3n de sus datos personales, dando cumplimiento a las disposiciones [&hellip;]<\/p>\n","protected":false},"author":2,"featured_media":0,"parent":0,"menu_order":0,"comment_status":"closed","ping_status":"closed","template":"","meta":{"ngg_post_thumbnail":0},"_links":{"self":[{"href":"https:\/\/sindicatodesalud.org.mx\/index.php?rest_route=\/wp\/v2\/pages\/111"}],"collection":[{"href":"https:\/\/sindicatodesalud.org.mx\/index.php?rest_route=\/wp\/v2\/pages"}],"about":[{"href":"https:\/\/sindicatodesalud.org.mx\/index.php?rest_route=\/wp\/v2\/types\/page"}],"author":[{"embeddable":true,"href":"https:\/\/sindicatodesalud.org.mx\/index.php?rest_route=\/wp\/v2\/users\/2"}],"replies":[{"embeddable":true,"href":"https:\/\/sindicatodesalud.org.mx\/index.php?rest_route=%2Fwp%2Fv2%2Fcomments&post=111"}],"version-history":[{"count":10,"href":"https:\/\/sindicatodesalud.org.mx\/index.php?rest_route=\/wp\/v2\/pages\/111\/revisions"}],"predecessor-version":[{"id":603,"href":"https:\/\/sindicatodesalud.org.mx\/index.php?rest_route=\/wp\/v2\/pages\/111\/revisions\/603"}],"wp:attachment":[{"href":"https:\/\/sindicatodesalud.org.mx\/index.php?rest_route=%2Fwp%2Fv2%2Fmedia&parent=111"}],"curies":[{"name":"wp","href":"https:\/\/api.w.org\/{rel}","templated":true}]}}