{"id":120,"date":"2018-03-15T04:38:00","date_gmt":"2018-03-15T04:38:00","guid":{"rendered":"http:\/\/sindicatodesalud.org.mx\/?page_id=120"},"modified":"2021-04-29T05:20:45","modified_gmt":"2021-04-29T05:20:45","slug":"bienvenida","status":"publish","type":"page","link":"https:\/\/sindicatodesalud.org.mx\/?page_id=120","title":{"rendered":"Bienvenida"},"content":{"rendered":"<h3 style=\"text-align: center;\"><img loading=\"lazy\" class=\"alignnone  wp-image-187\" src=\"http:\/\/sindicatodesalud.org.mx\/wp-content\/uploads\/2018\/05\/imgPresidente.png\" alt=\"\" width=\"147\" height=\"176\"><\/h3>\n<h3 style=\"text-align: center;\">Lic. Marco Antonio Garc\u00eda Ayala<\/h3>\n<p>En nombre del Comit\u00e9 Ejecutivo Nacional del SNTSA 2007 -2020, del que tengo honor de presidir, quiero darte la bienvenida a esta p\u00e1gina desde la que pretendemos acercarnos a ti para establecer una comunicaci\u00f3n abierta, directa y permanente.<\/p>\n<p><!--more--><\/p>\n<p>Los invito a navegar por esta ventana sindical en la que encontrar\u00e1n informaci\u00f3n b\u00e1sica sobre la manera en que el Comit\u00e9 Ejecutivo Nacional trabaja por lograr mejores condiciones econ\u00f3micas y laborales para nuestros representados y sus familias adem\u00e1s de aquellos servicios de fomento, de actividades deportivas, culturales y sociales.<\/p>\n<p>Nuestro reto para el siglo XXI es continuar trabajando con una filosof\u00eda basada en la negociaci\u00f3n y el di\u00e1logo, en la exigencia de reivindicaciones justas y reales, en la aportaci\u00f3n de propuestas serias y rigurosas. En definitiva, queremos seguir construyendo el sindicalismo que los trabajadores necesitamos y demandamos.<\/p>\n<p>Este medio de comunicaci\u00f3n, cada vez m\u00e1s usual, ha de permitirnos aglutinar a la base trabajadora y contar con una nueva forma de mantenernos&nbsp;<strong>en contacto<\/strong>&nbsp;permanentemente.<\/p>\n<p>&nbsp;<\/p>\n<h4>Gracias por tu inter\u00e9s<\/h4>\n<p style=\"text-align: center;\"><strong>\u00a1Bienvenido!<\/strong><br \/>\n<strong>POR UN ESTADO AL SERVICIO DEL PUEBLO<\/strong><br \/>\n<strong> POR EL COMIT\u00c9 EJECUTIVO NACIONAL<\/strong><\/p>\n<p style=\"text-align: center;\"><strong>Lic. MARCO ANTONIO GARC\u00cdA AYALA<\/strong><br \/>\n<strong>PRESIDENTE<\/strong><\/p>\n","protected":false},"excerpt":{"rendered":"<p>Lic. Marco Antonio Garc\u00eda Ayala En nombre del Comit\u00e9 Ejecutivo Nacional del SNTSA 2007 -2020, del que tengo honor de presidir, quiero darte la bienvenida a esta p\u00e1gina desde la que pretendemos acercarnos a ti para establecer una comunicaci\u00f3n abierta, directa y permanente.<\/p>\n","protected":false},"author":2,"featured_media":0,"parent":0,"menu_order":0,"comment_status":"closed","ping_status":"closed","template":"","meta":{"ngg_post_thumbnail":0},"_links":{"self":[{"href":"https:\/\/sindicatodesalud.org.mx\/index.php?rest_route=\/wp\/v2\/pages\/120"}],"collection":[{"href":"https:\/\/sindicatodesalud.org.mx\/index.php?rest_route=\/wp\/v2\/pages"}],"about":[{"href":"https:\/\/sindicatodesalud.org.mx\/index.php?rest_route=\/wp\/v2\/types\/page"}],"author":[{"embeddable":true,"href":"https:\/\/sindicatodesalud.org.mx\/index.php?rest_route=\/wp\/v2\/users\/2"}],"replies":[{"embeddable":true,"href":"https:\/\/sindicatodesalud.org.mx\/index.php?rest_route=%2Fwp%2Fv2%2Fcomments&post=120"}],"version-history":[{"count":6,"href":"https:\/\/sindicatodesalud.org.mx\/index.php?rest_route=\/wp\/v2\/pages\/120\/revisions"}],"predecessor-version":[{"id":1070,"href":"https:\/\/sindicatodesalud.org.mx\/index.php?rest_route=\/wp\/v2\/pages\/120\/revisions\/1070"}],"wp:attachment":[{"href":"https:\/\/sindicatodesalud.org.mx\/index.php?rest_route=%2Fwp%2Fv2%2Fmedia&parent=120"}],"curies":[{"name":"wp","href":"https:\/\/api.w.org\/{rel}","templated":true}]}}