{"id":21,"date":"2018-03-14T00:36:25","date_gmt":"2018-03-14T00:36:25","guid":{"rendered":"http:\/\/sindicatodesalud.org.mx\/?page_id=21"},"modified":"2019-02-09T21:41:53","modified_gmt":"2019-02-09T21:41:53","slug":"antecedentes","status":"publish","type":"page","link":"https:\/\/sindicatodesalud.org.mx\/?page_id=21","title":{"rendered":"Antecedentes"},"content":{"rendered":"<p><img loading=\"lazy\" class=\"alignnone size-full wp-image-181\" src=\"http:\/\/sindicatodesalud.org.mx\/wp-content\/uploads\/2018\/05\/Antecedentes.png\" alt=\"\" width=\"252\" height=\"200\"> En el Congreso constituyente celebrado en la ciudad de M\u00e9xico, Distrito Federal, durante los d\u00edas 13, 14 y 15 de marzo de 1944, los trabajadores de base al servicio de la Secretar\u00eda de Salubridad y Asistencia, constituyeron el SINDICATO NACIONAL DE TRABAJADORES DE LA SECRETAR\u00cdA DE SALUBRIDAD Y ASISTENCIA, ACTUALMENTE DENOMINADO SINDICATO NACIONAL DE TRABAJADORES DE LA SECRETAR\u00cdA DE SALUD, que usar\u00e1 indistintamente las siglas <strong>SNTSA<\/strong><\/p>\n\n\n<ul><li><\/li><\/ul>\n","protected":false},"excerpt":{"rendered":"<p>En el Congreso constituyente celebrado en la ciudad de M\u00e9xico, Distrito Federal, durante los d\u00edas 13, 14 y 15 de marzo de 1944, los trabajadores de base al servicio de la Secretar\u00eda de Salubridad y Asistencia, constituyeron el SINDICATO NACIONAL DE TRABAJADORES DE LA SECRETAR\u00cdA DE SALUBRIDAD Y ASISTENCIA, ACTUALMENTE DENOMINADO SINDICATO NACIONAL DE TRABAJADORES [&hellip;]<\/p>\n","protected":false},"author":2,"featured_media":0,"parent":0,"menu_order":0,"comment_status":"closed","ping_status":"closed","template":"","meta":{"ngg_post_thumbnail":0},"_links":{"self":[{"href":"https:\/\/sindicatodesalud.org.mx\/index.php?rest_route=\/wp\/v2\/pages\/21"}],"collection":[{"href":"https:\/\/sindicatodesalud.org.mx\/index.php?rest_route=\/wp\/v2\/pages"}],"about":[{"href":"https:\/\/sindicatodesalud.org.mx\/index.php?rest_route=\/wp\/v2\/types\/page"}],"author":[{"embeddable":true,"href":"https:\/\/sindicatodesalud.org.mx\/index.php?rest_route=\/wp\/v2\/users\/2"}],"replies":[{"embeddable":true,"href":"https:\/\/sindicatodesalud.org.mx\/index.php?rest_route=%2Fwp%2Fv2%2Fcomments&post=21"}],"version-history":[{"count":4,"href":"https:\/\/sindicatodesalud.org.mx\/index.php?rest_route=\/wp\/v2\/pages\/21\/revisions"}],"predecessor-version":[{"id":1031,"href":"https:\/\/sindicatodesalud.org.mx\/index.php?rest_route=\/wp\/v2\/pages\/21\/revisions\/1031"}],"wp:attachment":[{"href":"https:\/\/sindicatodesalud.org.mx\/index.php?rest_route=%2Fwp%2Fv2%2Fmedia&parent=21"}],"curies":[{"name":"wp","href":"https:\/\/api.w.org\/{rel}","templated":true}]}}