{"id":284,"date":"2018-05-02T20:24:32","date_gmt":"2018-05-02T20:24:32","guid":{"rendered":"http:\/\/sindicatodesalud.org.mx\/?page_id=284"},"modified":"2019-02-04T20:37:58","modified_gmt":"2019-02-04T20:37:58","slug":"presentacion","status":"publish","type":"page","link":"https:\/\/sindicatodesalud.org.mx\/?page_id=284","title":{"rendered":"Presentaci\u00f3n"},"content":{"rendered":"<p>Por m\u00e1s de siete d\u00e9cadas, el Sindicato de Salud ha cumplido los prop\u00f3sitos y objetivos de su fundaci\u00f3n. Aquella organizaci\u00f3n constituida en 1944 por la firme determinaci\u00f3n de los trabajadores de dos dependencias extintas del gobierno federal, es en la actualidad, un sindicato vigoroso, vanguardista, eficaz, unido, prestigiado y democr\u00e1tico, con la membres\u00eda m\u00e1s numerosa de toda su existencia, con mayor presencia nacional y renovados objetivos, claros y precisos, con proyecto gremial de justicia laboral y social para sus afiliados.<\/p>\n<p>El S.N.T.S.A. ha sabido equilibrar con sensibilidad los derechos y conquistas laborales de sus afiliados en el ejercicio de la pr\u00e1ctica profesional de la salud, el cumplimiento ejemplar de los deberes laborales y el respeto a las instituciones p\u00fablicas, que ha permitido a la dirigencia sindical asumir firme, responsable y plenamente en todas las etapas de la Secretar\u00eda de Salud, como el Acuerdo Nacional para la Descentralizaci\u00f3n de los Servicios de Salud de 1996, los Acuerdos de Regularizaci\u00f3n Laboral de 2008 y 2009 y la Formalizaci\u00f3n Laboral de 2014, 2015 y 2016. Reconociendo, as\u00ed, al Comit\u00e9 Ejecutivo Nacional y su estructura territorial como el representante legal, leg\u00edtimo y \u00fanico de los derechos laborales de los trabajadores, como lo disponen los Art\u00edculos 1 y 2 de las Condiciones Generales de Trabajo de la Dependencia.<\/p>\n<p>Con el prop\u00f3sito de conmemorar el LXX aniversario de la puesta en vigor de las primeras Condiciones Generales de Trabajo de la Secretar\u00eda de Salud, acordadas entre las autoridades de la Dependencia y el Sindicato de Salud en diciembre de 1947, de celebrar el inicio de la vigencia de este mismo instrumento laboral colectivo suscrito recientemente en el mes de junio de 2016, se ha dispuesto la elaboraci\u00f3n de este Compendio, con el prop\u00f3sito de rese\u00f1ar los perfiles y caracter\u00edsticas m\u00e1s significativos que dan identidad a la organizaci\u00f3n, tales como datos hist\u00f3ricos, fundamentos y objetivos de existencia, estructura organizacional, bases normativas, documentos b\u00e1sicos, programas y actividades relevantes, compromiso social y resultados del trabajo de los afiliados, entre otros.<\/p>\n<p>Tengo la convicci\u00f3n de que este Compendio cumple con su prop\u00f3sito de ofrecer un panorama de lo que ha sido y es el Sindicato de Salud, los principios y bases sobre los cuales se estructura y de lo que ser\u00e1 en el futuro: firme a su proyecto de justicia, reivindicaci\u00f3n y mejoramiento social, laboral y profesional de los trabajadores de la salud y que, por lo tanto, ser\u00e1 de utilidad para las personas, integrantes o no de la organizaci\u00f3n, interesadas o involucradas en el quehacer del S.N.T.S.A.<\/p>\n<p>&nbsp;<\/p>\n<p style=\"text-align: center;\"><strong>\u201cPOR UN ESTADO AL SERVICIO DEL PUEBLO\u201d<\/strong><\/p>\n<p style=\"text-align: center;\"><strong>Fraternalmente<\/strong><\/p>\n<p style=\"text-align: center;\"><strong>Marco Antonio Garc\u00eda Ayala<\/strong><\/p>\n<p style=\"text-align: center;\"><strong>Presidente del Comit\u00e9 Ejecutivo Nacional<\/strong><\/p>\n","protected":false},"excerpt":{"rendered":"<p>Por m\u00e1s de siete d\u00e9cadas, el Sindicato de Salud ha cumplido los prop\u00f3sitos y objetivos de su fundaci\u00f3n. Aquella organizaci\u00f3n constituida en 1944 por la firme determinaci\u00f3n de los trabajadores de dos dependencias extintas del gobierno federal, es en la actualidad, un sindicato vigoroso, vanguardista, eficaz, unido, prestigiado y democr\u00e1tico, con la membres\u00eda m\u00e1s numerosa [&hellip;]<\/p>\n","protected":false},"author":2,"featured_media":0,"parent":0,"menu_order":0,"comment_status":"closed","ping_status":"closed","template":"","meta":{"ngg_post_thumbnail":0},"_links":{"self":[{"href":"https:\/\/sindicatodesalud.org.mx\/index.php?rest_route=\/wp\/v2\/pages\/284"}],"collection":[{"href":"https:\/\/sindicatodesalud.org.mx\/index.php?rest_route=\/wp\/v2\/pages"}],"about":[{"href":"https:\/\/sindicatodesalud.org.mx\/index.php?rest_route=\/wp\/v2\/types\/page"}],"author":[{"embeddable":true,"href":"https:\/\/sindicatodesalud.org.mx\/index.php?rest_route=\/wp\/v2\/users\/2"}],"replies":[{"embeddable":true,"href":"https:\/\/sindicatodesalud.org.mx\/index.php?rest_route=%2Fwp%2Fv2%2Fcomments&post=284"}],"version-history":[{"count":2,"href":"https:\/\/sindicatodesalud.org.mx\/index.php?rest_route=\/wp\/v2\/pages\/284\/revisions"}],"predecessor-version":[{"id":366,"href":"https:\/\/sindicatodesalud.org.mx\/index.php?rest_route=\/wp\/v2\/pages\/284\/revisions\/366"}],"wp:attachment":[{"href":"https:\/\/sindicatodesalud.org.mx\/index.php?rest_route=%2Fwp%2Fv2%2Fmedia&parent=284"}],"curies":[{"name":"wp","href":"https:\/\/api.w.org\/{rel}","templated":true}]}}