{"id":289,"date":"2018-05-02T20:27:51","date_gmt":"2018-05-02T20:27:51","guid":{"rendered":"http:\/\/sindicatodesalud.org.mx\/?page_id=289"},"modified":"2019-03-04T22:49:49","modified_gmt":"2019-03-04T22:49:49","slug":"semblanza-historica","status":"publish","type":"page","link":"https:\/\/sindicatodesalud.org.mx\/?page_id=289","title":{"rendered":"Semblanza Hist\u00f3rica"},"content":{"rendered":"\t\t<div data-elementor-type=\"wp-post\" data-elementor-id=\"289\" class=\"elementor elementor-289 elementor-bc-flex-widget\" data-elementor-settings=\"[]\">\n\t\t\t\t\t\t<div class=\"elementor-inner\">\n\t\t\t\t\t\t\t<div class=\"elementor-section-wrap\">\n\t\t\t\t\t\t\t<section class=\"elementor-section elementor-top-section elementor-element elementor-element-4b15c32d elementor-section-boxed elementor-section-height-default elementor-section-height-default\" data-id=\"4b15c32d\" data-element_type=\"section\">\n\t\t\t\t\t\t<div class=\"elementor-container elementor-column-gap-default\">\n\t\t\t\t\t\t\t<div class=\"elementor-row\">\n\t\t\t\t\t<div class=\"elementor-column elementor-col-100 elementor-top-column elementor-element elementor-element-13d085b8\" data-id=\"13d085b8\" data-element_type=\"column\">\n\t\t\t<div class=\"elementor-column-wrap elementor-element-populated\">\n\t\t\t\t\t\t\t<div class=\"elementor-widget-wrap\">\n\t\t\t\t\t\t<div class=\"elementor-element elementor-element-3069b6ac elementor-widget elementor-widget-text-editor\" data-id=\"3069b6ac\" data-element_type=\"widget\" data-widget_type=\"text-editor.default\">\n\t\t\t\t<div class=\"elementor-widget-container\">\n\t\t\t\t\t\t\t\t<div class=\"elementor-text-editor elementor-clearfix\">\n\t\t\t\t\t<p><img loading=\"lazy\" class=\"alignnone wp-image-290\" src=\"http:\/\/sindicatodesalud.org.mx\/wp-content\/uploads\/2018\/05\/Semblanza-300x48.png\" alt=\"\" width=\"725\" height=\"116\" srcset=\"https:\/\/sindicatodesalud.org.mx\/wp-content\/uploads\/2018\/05\/Semblanza-300x48.png 300w, https:\/\/sindicatodesalud.org.mx\/wp-content\/uploads\/2018\/05\/Semblanza-768x124.png 768w, https:\/\/sindicatodesalud.org.mx\/wp-content\/uploads\/2018\/05\/Semblanza-1024x165.png 1024w\" sizes=\"(max-width: 725px) 100vw, 725px\" \/><\/p><p>En octubre de 1943, el Presidente de la Rep\u00fablica, Manuel \u00c1vila Camacho, emiti\u00f3 el decreto para crear la Secretar\u00eda de Salubridad y Asistencia, a partir de la fusi\u00f3n de la entonces Secretar\u00eda de Asistencia P\u00fablica y del Departamento de Salubridad. Ante esta determinaci\u00f3n presidencial, los trabajadores de ambas Dependencias, por medio de sus respectivos sindicatos, suscribieron un Convenio, con el aval de la F.S.T.S.E., para coordinarse y seguir atendiendo sus tareas como representantes laborales, y \u201celaborar la Convocatoria para el Congreso de los trabajadores de Asistencia P\u00fablica y de Salubridad\u201d.<\/p><p><\/p><\/div><\/div><\/div><\/div><\/div><\/div><\/div><\/div><\/section><\/div><\/div><\/div> <a href=\"https:\/\/sindicatodesalud.org.mx\/?page_id=289#more-289\" class=\"more-link elementor-more-link\"><span aria-label=\"Continuar leyendo Semblanza Hist\u00f3rica\">(m\u00e1s&hellip;)<\/span><\/a>","protected":false},"excerpt":{"rendered":"<p>En octubre de 1943, el Presidente de la Rep\u00fablica, Manuel \u00c1vila Camacho, emiti\u00f3 el decreto para crear la Secretar\u00eda de Salubridad y Asistencia, a partir de la fusi\u00f3n de la entonces Secretar\u00eda de Asistencia P\u00fablica y del Departamento de Salubridad. Ante esta determinaci\u00f3n presidencial, los trabajadores de ambas Dependencias, por medio de sus respectivos sindicatos, [&hellip;]<\/p>\n","protected":false},"author":2,"featured_media":0,"parent":0,"menu_order":0,"comment_status":"closed","ping_status":"closed","template":"","meta":{"ngg_post_thumbnail":0},"_links":{"self":[{"href":"https:\/\/sindicatodesalud.org.mx\/index.php?rest_route=\/wp\/v2\/pages\/289"}],"collection":[{"href":"https:\/\/sindicatodesalud.org.mx\/index.php?rest_route=\/wp\/v2\/pages"}],"about":[{"href":"https:\/\/sindicatodesalud.org.mx\/index.php?rest_route=\/wp\/v2\/types\/page"}],"author":[{"embeddable":true,"href":"https:\/\/sindicatodesalud.org.mx\/index.php?rest_route=\/wp\/v2\/users\/2"}],"replies":[{"embeddable":true,"href":"https:\/\/sindicatodesalud.org.mx\/index.php?rest_route=%2Fwp%2Fv2%2Fcomments&post=289"}],"version-history":[{"count":3,"href":"https:\/\/sindicatodesalud.org.mx\/index.php?rest_route=\/wp\/v2\/pages\/289\/revisions"}],"predecessor-version":[{"id":451,"href":"https:\/\/sindicatodesalud.org.mx\/index.php?rest_route=\/wp\/v2\/pages\/289\/revisions\/451"}],"wp:attachment":[{"href":"https:\/\/sindicatodesalud.org.mx\/index.php?rest_route=%2Fwp%2Fv2%2Fmedia&parent=289"}],"curies":[{"name":"wp","href":"https:\/\/api.w.org\/{rel}","templated":true}]}}