{"id":29,"date":"2018-03-14T03:48:47","date_gmt":"2018-03-14T03:48:47","guid":{"rendered":"http:\/\/sindicatodesalud.org.mx\/?page_id=29"},"modified":"2018-05-02T19:11:10","modified_gmt":"2018-05-02T19:11:10","slug":"declaracion-de-principios","status":"publish","type":"page","link":"https:\/\/sindicatodesalud.org.mx\/?page_id=29","title":{"rendered":"Declaraci\u00f3n de Principios"},"content":{"rendered":"<p><img loading=\"lazy\" class=\"alignnone size-full wp-image-204\" src=\"http:\/\/sindicatodesalud.org.mx\/wp-content\/uploads\/2018\/05\/Declaracion_Principios.png\" alt=\"\" width=\"276\" height=\"183\" srcset=\"https:\/\/sindicatodesalud.org.mx\/wp-content\/uploads\/2018\/05\/Declaracion_Principios.png 276w, https:\/\/sindicatodesalud.org.mx\/wp-content\/uploads\/2018\/05\/Declaracion_Principios-207x136.png 207w, https:\/\/sindicatodesalud.org.mx\/wp-content\/uploads\/2018\/05\/Declaracion_Principios-140x94.png 140w\" sizes=\"(max-width: 276px) 100vw, 276px\" \/> El Sindicato Nacional de Trabajadores de la Secretar\u00eda de Salud fue constituido hace 70 a\u00f1os, con el prop\u00f3sito de conjuntar, conducir y representar a los trabajadores de la Secretar\u00eda de Salud, en el contexto de una situaci\u00f3n nacional y mundial en el que se desarrollaron importantes transformaciones sociales, pol\u00edticas, econ\u00f3micas, culturales y, por supuesto, tambi\u00e9n en el campo de la salud.<\/p>\n<p>El impulso organizador que ven\u00eda predominando en toda la orbe de los movimientos obreros y de trabajadores, tuvo en nuestro pa\u00eds una aceptaci\u00f3n generalizada, lo que, para el caso de los empleados p\u00fablicos, permiti\u00f3, a trav\u00e9s del ejercicio libre, democr\u00e1tico y convencido de las garant\u00edas individuales postuladas en la Constituci\u00f3n Pol\u00edtica de nuestro pa\u00eds, la instituci\u00f3n de la Federaci\u00f3n de Sindicatos de Trabajadores al Servicio del Estado y m\u00e1s adelante, los d\u00edas 13, 14 y 15 de marzo de 1944, la creaci\u00f3n del Sindicato Nacional de Trabajadores de la Secretar\u00eda de Salud, a partir de la fusi\u00f3n de dos pedestales hist\u00f3ricos del sindicalismo burocr\u00e1tico: el Sindicato de Trabajadores de Asistencia P\u00fablica y el Sindicato Nacional de Trabajadores de Salubridad.<\/p>\n<p>Desde entonces, el SNTSA ha perfilado con claridad un proyecto sindical sustentando en principios ideol\u00f3gicos irrenunciables como son la autonom\u00eda sindical, la democracia interna, la unidad sindical, la fortaleza de gesti\u00f3n, la presencia nacional de la organizaci\u00f3n, el aumento de su presencia social y pol\u00edtica, el progreso laboral y profesional de sus afiliados, la solidaridad con las causas de la clase trabajadora, la identidad con el movimiento hist\u00f3rico de los trabajadores al servicio del Estado, su compromiso con la salud de los mexicanos, la conciencia nacionalista y el desarrollo del pa\u00eds, que ahora, actualiza y confirma en el marco de la realizaci\u00f3n de su XX Congreso Nacional Ordinario y de la celebraci\u00f3n del 70 Aniversario de su fundaci\u00f3n.<\/p>\n<p>&nbsp;<\/p>\n<p><strong>Por ello se pronuncia:<\/strong><\/p>\n<p>Por la observancia irrestricta de las garant\u00edas individuales y los postulados sociales establecidos en la Constituci\u00f3n General de la Rep\u00fablica, de manera particular, en lo que se refiere al Apartado B del Art\u00edculo 123 constitucional.<\/p>\n<p>Por el respeto absoluto a la autonom\u00eda sindical, como un principio de legalidad fundamental para las organizaciones obreras y de trabajadores, que permite el acuerdo social, la convivencia ciudadana arm\u00f3nica, la gobernabilidad nacional y el funcionamiento adecuado de las instituciones p\u00fablicas y pol\u00edticas del pa\u00eds.<\/p>\n<p>Por la solidaridad de clase y la afinidad de acciones entre obreros, trabajadores y sus organizaciones sindicales, como instrumentos que permitan el reconocimiento, la dignidad, el progreso y la justicia social.<\/p>\n<p>Por el respeto a las organizaciones sindicales y a la libre determinaci\u00f3n de sus procesos que dan sustento para que el SNTSA exija rec\u00edprocamente el respeto a su personalidad, a su organizaci\u00f3n, a sus funciones y decisiones, sin admitir, aceptar ni permitir que&nbsp; fuerzas ajenas interfieran o influyan en su naturaleza sindical ni mucho menos en sus objetivos y funcionamiento.<\/p>\n<p>Por la defensa de la integridad sindical y su presencia nacional, lo que ser\u00e1 promovido y defendido ante toda instituci\u00f3n, organizaci\u00f3n o persona de manera en\u00e9rgica e indudable, conducta que ser\u00e1 adoptada ante cualquier pretensi\u00f3n de desestabilizar o fragmentar al Sindicato, as\u00ed como cuando se busque impedir la realizaci\u00f3n de sus objetivos o se pretendan promover acciones que sean contrarias a ellos.<\/p>\n<p>Por un sindicalismo activo e inteligente, que de manera s\u00f3lida y estrat\u00e9gica se posiciona para gestionar sus demandas, para hacer valer su importancia, para acrecentar sus derechos y conquistas, para procurar sus ideales sociales, para hacer valer los resultados de su trabajo y dedicaci\u00f3n, para ejercer en beneficio de los dem\u00e1s el llamado de su vocaci\u00f3n por la salud, sin desgastar ociosamente sus energ\u00edas y su capacidad de acci\u00f3n, dirigi\u00e9ndolas hacia lo verdaderamente importante.<\/p>\n<p>Por la unidad e integraci\u00f3n del movimiento de los trabajadores al servicio del Estado y de los Sindicatos hermanos, aglutinados eficazmente en torno a la Federaci\u00f3n de Sindicatos de Trabajadores al Servicio del Estado (FSTSE). Por el fortalecimiento y la libre manifestaci\u00f3n de la identidad y pertenencia de los afiliados a su Sindicato, como un requisito indispensable de la firmeza, unidad y eficacia de la organizaci\u00f3n.<\/p>\n<p>Por el respeto y la observancia al Estatuto General, como una expresi\u00f3n manifiesta de la autonom\u00eda sindical, que permite el funcionamiento de la organizaci\u00f3n y la b\u00fasqueda contundente y firme de sus prop\u00f3sitos.<\/p>\n<p>Por un ejercicio responsable y democr\u00e1tico de los derechos sindicales, que permiten la libre y sana convivencia sindical de todos sus afiliados, la acci\u00f3n sindical correctamente dirigida, la fortaleza de las capacidades de gesti\u00f3n de la organizaci\u00f3n y la b\u00fasqueda de los intereses superiores gremiales.<\/p>\n<p>Por el fortalecimiento de la democracia sindical y el cumplimiento de las obligaciones gremiales y la observancia de la disciplina sindical, a trav\u00e9s de los cuales es posible la construcci\u00f3n leg\u00edtima de las dirigencias sindicales y la toma de acuerdos y decisiones sindicales en el Congreso, Consejos, Plenos del CEN, \u00d3rganos Nacionales Aut\u00f3nomos y Asambleas Seccionales, a fin de que siempre prevalezca el inter\u00e9s general de los afiliados.<\/p>\n<p>Por la ampliaci\u00f3n y consolidaci\u00f3n de la unidad e identidad de los trabajadores afiliados al Sindicato como una expresi\u00f3n genuina y leg\u00edtima de sus aspiraciones y necesidades personales, profesionales, familiares y sociales, que le han permitido demostrar, a lo largo de muchos a\u00f1os, su templanza, convicciones y solidaridad en la defensa del pa\u00eds, de las instituciones nacionales, de sus compromisos solidarios con el movimiento sindical organizado del pa\u00eds y, de manera particular, en la realizaci\u00f3n del derecho supremo de toda persona de buscar, por medio del trabajo, sus ideales, progreso y felicidad.<\/p>\n<p>Por el reconocimiento al gigantesco esfuerzo y la sensible solidaridad y comprensi\u00f3n que los trabajadores han aportado ante los graves problemas nacionales, particularmente de car\u00e1cter econ\u00f3mico, lo que, conjuntamente con su aportaci\u00f3n a las grandes reformas nacionales y a las renovadas perspectivas de progreso y bienestar, los deben convertir en sujetos prioritarios de las pol\u00edticas y programas que tienen como prop\u00f3sito elevar el nivel de vida de la poblaci\u00f3n.<\/p>\n<p>Por una legislaci\u00f3n laboral que respetando los postulados constitucionales, garanticen siempre la estabilidad en el trabajo, seguridad social, ingreso justo, prestaciones y conquistas laborales, sin distingos de ninguna especie en su otorgamiento puntual e integral para todos los trabajadores.<\/p>\n<p>Por el mejoramiento efectivo y pronto de las condiciones generales de trabajo, as\u00ed como de los sueldos, salarios, prestaciones e ingresos econ\u00f3micos de los afiliados, no s\u00f3lo como un acto de justicia a los resultados que permanentemente obtienen en el cumplimiento de sus tareas laborales y de los cuales informan de manera constante los diversos niveles de gobierno federal, estatales y del Distrito Federal, sino como resultado de una pol\u00edtica p\u00fablica de genuino compromiso con la justicia y el desarrollo social.<\/p>\n<p>Por la aplicaci\u00f3n puntual, ampliaci\u00f3n y actualizaci\u00f3n permanente de las Condiciones Generales de Trabajo, sus Reglamentos, Manuales y otros instrumentos normativos similares y aplicables, como instrumentos b\u00e1sicos de defensa y equilibrio laboral, que garantizan la integridad y personalidad laboral econ\u00f3mica, social y cultural de los afiliados.<\/p>\n<p>Por la ampliaci\u00f3n y consolidaci\u00f3n de los programas y actividades sindicales en materia de becas educativas, capacitaci\u00f3n y actualizaci\u00f3n profesional y vocacional, fomento y promoci\u00f3n social, cultural, deportiva y recreativa, que permitan ofrecer a los afiliados opciones que procuren su superaci\u00f3n y bienestar personal, familiar y social.<\/p>\n<p>Por la fortaleza pol\u00edtica del Sindicato, que significa, por un lado, el respeto a las ideolog\u00edas y afinidades que de manera personal tenga cada afiliado, pero que al mismo tiempo, promueve la presencia de la organizaci\u00f3n en la vida pol\u00edtica del pa\u00eds, as\u00ed como el fomento y apoyo hacia sus afiliados que tengan aspiraciones pol\u00edticas o que se encuentren en el ejercicio de alguna responsabilidad de esta naturaleza, a partir del reconocimiento de la importancia que tiene la vida pol\u00edtica en los objetivos y quehacer&nbsp; del Sindicato.<\/p>\n<p><strong>&nbsp;<\/strong>Por la equidad de g\u00e9nero en la vida sindical y en el trabajo, que significan, ante todo, la garant\u00eda de igualdad de oportunidades y condiciones para hombres y mujeres, el respeto absoluto a su condici\u00f3n de personas y a su individualidad, sus necesidades y aspiraciones personales y sociales, as\u00ed como a la obtenci\u00f3n del reconocimiento logrado por sus capacidades, talento y empe\u00f1o en su superaci\u00f3n.<\/p>\n<p>Por la puesta en marcha de pol\u00edticas y programas de salud en todo el pa\u00eds que garanticen el acceso a sus servicios en los t\u00e9rminos establecidos en el art\u00edculo 4\u00ba constitucional, sin que signifiquen, de ninguna manera, demagogia en su implementaci\u00f3n y objetivos, y que se traduzcan, efectivamente, en la atenci\u00f3n de las demandas de m\u00e1s y mejores instalaciones, medicamentos, insumos, mobiliario y equipo para la salud que los afiliados al SNTSA han venido exigiendo en todo el pa\u00eds para una correcta y oportuna prestaci\u00f3n de los servicios.<\/p>\n<p>Por la implementaci\u00f3n de medidas efectivas que promuevan el fortalecimiento institucional de la Secretar\u00eda de Salud en todo el pa\u00eds y de los servicios que ofrece, que permita, con ello, garantizar su naturaleza p\u00fablica, as\u00ed como la obligaci\u00f3n del Estado mexicano de hacer efectivo el derecho a la protecci\u00f3n a la salud de todos los mexicanos.<\/p>\n<p>Por el incremento del presupuesto p\u00fablico a la Secretar\u00eda de Salud y por su aplicaci\u00f3n efectiva, transparente y vigilada en los servicios a su cargo.<\/p>\n<p>Por la cancelaci\u00f3n definitiva de contrataciones de personal sin la estabilidad laboral, la seguridad social, el nivel salarial, las Condiciones de trabajo y prestaciones que por Ley les corresponden. El SNTSA exige la formalizaci\u00f3n laboral de los trabajadores que laboran en los servicios de salud en condiciones irregulares e inequitativas.<\/p>\n<p>Por la mejora de los servicios y prestaciones del ISSSTE y por el fortalecimiento de esta Instituci\u00f3n nacional del Estado Mexicano, de gran significado e importancia para los trabajadores al servicio del Estado, para lo cual reitera su compromiso de mantener su alianza con la FSTSE en torno a este prop\u00f3sito.<\/p>\n<p>Por un M\u00e9xico pr\u00f3spero, fuerte, libre, unido, democr\u00e1tico y justo, cuyas instituciones nacionales sirvan a las personas y tengan por objeto su desarrollo y bienestar, en un marco de certeza jur\u00eddica, de respeto a los derechos humanos, a la dignidad de las personas y al esfuerzo laboral de los trabajadores.<\/p>\n","protected":false},"excerpt":{"rendered":"<p>El Sindicato Nacional de Trabajadores de la Secretar\u00eda de Salud fue constituido hace 70 a\u00f1os, con el prop\u00f3sito de conjuntar, conducir y representar a los trabajadores de la Secretar\u00eda de Salud, en el contexto de una situaci\u00f3n nacional y mundial en el que se desarrollaron importantes transformaciones sociales, pol\u00edticas, econ\u00f3micas, culturales y, por supuesto, tambi\u00e9n [&hellip;]<\/p>\n","protected":false},"author":2,"featured_media":0,"parent":0,"menu_order":0,"comment_status":"closed","ping_status":"closed","template":"","meta":{"ngg_post_thumbnail":0},"_links":{"self":[{"href":"https:\/\/sindicatodesalud.org.mx\/index.php?rest_route=\/wp\/v2\/pages\/29"}],"collection":[{"href":"https:\/\/sindicatodesalud.org.mx\/index.php?rest_route=\/wp\/v2\/pages"}],"about":[{"href":"https:\/\/sindicatodesalud.org.mx\/index.php?rest_route=\/wp\/v2\/types\/page"}],"author":[{"embeddable":true,"href":"https:\/\/sindicatodesalud.org.mx\/index.php?rest_route=\/wp\/v2\/users\/2"}],"replies":[{"embeddable":true,"href":"https:\/\/sindicatodesalud.org.mx\/index.php?rest_route=%2Fwp%2Fv2%2Fcomments&post=29"}],"version-history":[{"count":4,"href":"https:\/\/sindicatodesalud.org.mx\/index.php?rest_route=\/wp\/v2\/pages\/29\/revisions"}],"predecessor-version":[{"id":206,"href":"https:\/\/sindicatodesalud.org.mx\/index.php?rest_route=\/wp\/v2\/pages\/29\/revisions\/206"}],"wp:attachment":[{"href":"https:\/\/sindicatodesalud.org.mx\/index.php?rest_route=%2Fwp%2Fv2%2Fmedia&parent=29"}],"curies":[{"name":"wp","href":"https:\/\/api.w.org\/{rel}","templated":true}]}}