{"id":967,"date":"2020-12-19T20:38:27","date_gmt":"2020-12-19T20:38:27","guid":{"rendered":"http:\/\/sindicatodesalud.org.mx\/?page_id=967"},"modified":"2020-12-19T20:40:46","modified_gmt":"2020-12-19T20:40:46","slug":"articulo-80-act_2018","status":"publish","type":"page","link":"https:\/\/sindicatodesalud.org.mx\/?page_id=967","title":{"rendered":"Art\u00edculo 80"},"content":{"rendered":"\t\t<div data-elementor-type=\"wp-post\" data-elementor-id=\"967\" class=\"elementor elementor-967\" data-elementor-settings=\"[]\">\n\t\t\t\t\t\t<div class=\"elementor-inner\">\n\t\t\t\t\t\t\t<div class=\"elementor-section-wrap\">\n\t\t\t\t\t\t\t<section class=\"elementor-section elementor-top-section elementor-element elementor-element-059a6fc elementor-section-boxed elementor-section-height-default elementor-section-height-default\" data-id=\"059a6fc\" data-element_type=\"section\">\n\t\t\t\t\t\t<div class=\"elementor-container elementor-column-gap-default\">\n\t\t\t\t\t\t\t<div class=\"elementor-row\">\n\t\t\t\t\t<div class=\"elementor-column elementor-col-100 elementor-top-column elementor-element elementor-element-b4d76e4\" data-id=\"b4d76e4\" data-element_type=\"column\">\n\t\t\t<div class=\"elementor-column-wrap elementor-element-populated\">\n\t\t\t\t\t\t\t<div class=\"elementor-widget-wrap\">\n\t\t\t\t\t\t<div class=\"elementor-element elementor-element-d1792cc elementor-widget elementor-widget-text-editor\" data-id=\"d1792cc\" data-element_type=\"widget\" data-widget_type=\"text-editor.default\">\n\t\t\t\t<div class=\"elementor-widget-container\">\n\t\t\t\t\t\t\t\t<div class=\"elementor-text-editor elementor-clearfix\">\n\t\t\t\t\t<h2 style=\"background-color: #f6f6f6; text-align: center;\">Ley General de Transparencia y acceso a la informaci\u00f3n P\u00fablica<\/h2><div><p><div class='et-learn-more clearfix'>\n\t\t\t\t\t<h3 class='heading-more'>INFORMACI\u00d3N DE INTER\u00c9S P\u00daBLICO DETERMINADO POR EL ORGANISMO GARANTE<span class='et_learnmore_arrow'><span><\/span><\/span><\/h3>\n\t\t\t\t\t<div class='learn-more-content'><div class='tabs-left et_sliderfx_fade et_sliderauto_false et_sliderauto_speed_5000 et_slidertype_left_tabs clearfix'>\n\t\t\t\t<div class='et_left_tabs_bg'><\/div>\n\t\t\t\t<ul class='et-tabs-control'>\n\t\t\t<li><a href='#'>\n\t\t\tInformaci\u00f3n de Inter\u00e9s P\u00fablico Determinado por el Organismo Garante\n\t\t<\/a><\/li>\n\t\t<\/ul> <!-- .et-tabs-control --> \n\t\t<div class='et-tabs-content'>\n\t\t\t<div class='et-tabs-content-main-wrap'>\n\t\t\t\t<div class='et-tabs-content-wrapper'>\n\t\t\t\t\t<div class='et_slidecontent'>\n\t\t\t<p><img loading=\"lazy\" class=\"alignnone size-full wp-image-46\" src=\"http:\/\/sindicatodesalud.org.mx\/wp-content\/uploads\/2018\/03\/imgVineta.gif\" alt=\"\" width=\"20\" height=\"24\" \/> <a href=\"http:\/\/sindicatodesalud.org.mx\/wp-content\/uploads\/2020\/12\/Fracc_I_II_III_1b_Inf_Interes_Pub_Det_x_Org_Garante_P_2018_Sem.pdf\" target=\"_blank\" rel=\"noopener\">Obligaciones de TransparenciaInter\u00e9s P\u00fablico Determinado por el Organismo Garante<\/a><\/p>\n\t\t<\/div>\n\t\t\t\t<\/div>\n\t\t\t<\/div>\n\t\t<\/div>\n\t\t\t<\/div> <!-- .tabs-left --><\/div>\n\t\t\t\t<\/div><\/p><\/div>\t\t\t\t\t<\/div>\n\t\t\t\t\t\t<\/div>\n\t\t\t\t<\/div>\n\t\t\t\t\t\t<\/div>\n\t\t\t\t\t<\/div>\n\t\t<\/div>\n\t\t\t\t\t\t\t\t<\/div>\n\t\t\t\t\t<\/div>\n\t\t<\/section>\n\t\t\t\t\t\t<\/div>\n\t\t\t\t\t\t<\/div>\n\t\t\t\t\t<\/div>\n\t\t","protected":false},"excerpt":{"rendered":"<p>Ley General de Transparencia y acceso a la informaci\u00f3n P\u00fablica<\/p>\n","protected":false},"author":2,"featured_media":0,"parent":0,"menu_order":0,"comment_status":"closed","ping_status":"closed","template":"","meta":{"ngg_post_thumbnail":0},"_links":{"self":[{"href":"https:\/\/sindicatodesalud.org.mx\/index.php?rest_route=\/wp\/v2\/pages\/967"}],"collection":[{"href":"https:\/\/sindicatodesalud.org.mx\/index.php?rest_route=\/wp\/v2\/pages"}],"about":[{"href":"https:\/\/sindicatodesalud.org.mx\/index.php?rest_route=\/wp\/v2\/types\/page"}],"author":[{"embeddable":true,"href":"https:\/\/sindicatodesalud.org.mx\/index.php?rest_route=\/wp\/v2\/users\/2"}],"replies":[{"embeddable":true,"href":"https:\/\/sindicatodesalud.org.mx\/index.php?rest_route=%2Fwp%2Fv2%2Fcomments&post=967"}],"version-history":[{"count":8,"href":"https:\/\/sindicatodesalud.org.mx\/index.php?rest_route=\/wp\/v2\/pages\/967\/revisions"}],"predecessor-version":[{"id":976,"href":"https:\/\/sindicatodesalud.org.mx\/index.php?rest_route=\/wp\/v2\/pages\/967\/revisions\/976"}],"wp:attachment":[{"href":"https:\/\/sindicatodesalud.org.mx\/index.php?rest_route=%2Fwp%2Fv2%2Fmedia&parent=967"}],"curies":[{"name":"wp","href":"https:\/\/api.w.org\/{rel}","templated":true}]}}